{"id":186,"date":"2025-06-03T17:13:47","date_gmt":"2025-06-03T17:13:47","guid":{"rendered":"https:\/\/coverband1.de\/?page_id=186"},"modified":"2026-03-05T10:48:50","modified_gmt":"2026-03-05T10:48:50","slug":"elementor-seite-186","status":"publish","type":"page","link":"https:\/\/coverband1.de\/?page_id=186","title":{"rendered":"Impressum"},"content":{"rendered":"\t\t<div data-elementor-type=\"wp-page\" data-elementor-id=\"186\" class=\"elementor elementor-186\">\n\t\t\t\t<div class=\"elementor-element elementor-element-b8c435d e-flex e-con-boxed e-con e-parent\" data-id=\"b8c435d\" data-element_type=\"container\">\n\t\t\t\t\t<div class=\"e-con-inner\">\n\t\t\t\t<div class=\"elementor-element elementor-element-c861721 elementor-widget elementor-widget-heading\" data-id=\"c861721\" data-element_type=\"widget\" data-widget_type=\"heading.default\">\n\t\t\t\t<div class=\"elementor-widget-container\">\n\t\t\t\t\t<h2 class=\"elementor-heading-title elementor-size-default\">Impressum<\/h2>\t\t\t\t<\/div>\n\t\t\t\t<\/div>\n\t\t\t\t\t<\/div>\n\t\t\t\t<\/div>\n\t\t<div class=\"elementor-element elementor-element-74d050a e-flex e-con-boxed e-con e-parent\" data-id=\"74d050a\" data-element_type=\"container\">\n\t\t\t\t\t<div class=\"e-con-inner\">\n\t\t\t\t<div class=\"elementor-element elementor-element-a0d75f4 elementor-widget elementor-widget-text-editor\" data-id=\"a0d75f4\" data-element_type=\"widget\" data-widget_type=\"text-editor.default\">\n\t\t\t\t<div class=\"elementor-widget-container\">\n\t\t\t\t\t\t\t\t\t<p class=\"font_8 wixui-rich-text__text\"><span class=\"wixui-rich-text__text\">Coverband 1<\/span><br class=\"wixui-rich-text__text\">Vertreten durch: Creative State Records<br class=\"wixui-rich-text__text\">Adresse: Baerer Str. 37<br class=\"wixui-rich-text__text\">PLZ, Ort: 21073, Hamburg<br class=\"wixui-rich-text__text\">Telefon: +49 1515 0304494<br class=\"wixui-rich-text__text\">E-Mail: info@creativestaterecords.com<\/p>\n<p class=\"font_8 wixui-rich-text__text\"><span style=\"font-style: inherit; font-family: var( --e-global-typography-text-font-family ), Sans-serif; text-align: var(--text-align);\">Social Media<\/span><br><\/p><p class=\"font_8 wixui-rich-text__text\">Unsere Website enth\u00e4lt Links zu unseren Profilen auf Social-Media-Plattformen wie Instagram &amp; YouTube. F\u00fcr die Inhalte dieser externen Seiten sind ausschlie\u00dflich deren Betreiber verantwortlich. Wir haben keinen Einfluss auf die Gestaltung und Inhalte der verlinkten Seiten.<\/p>\n<p class=\"font_8 wixui-rich-text__text\"><span class=\"wixui-rich-text__text\">Haftungsausschluss:<\/span><br class=\"wixui-rich-text__text\">Trotz sorgf\u00e4ltiger inhaltlicher Kontrolle \u00fcbernehmen wir keine Haftung f\u00fcr die Inhalte externer Links. F\u00fcr den Inhalt der verlinkten Seiten sind ausschlie\u00dflich deren Betreiber verantwortlich.<\/p>\n<p class=\"font_8 wixui-rich-text__text\"><span class=\"wixui-rich-text__text\">Urheberrecht:<\/span><br class=\"wixui-rich-text__text\">Die durch die Seitenbetreiber erstellten Inhalte und Werke auf diesen Seiten unterliegen dem deutschen Urheberrecht. Beitr\u00e4ge Dritter sind als solche gekennzeichnet. Die Vervielf\u00e4ltigung, Bearbeitung, Verbreitung und jede Art der Verwertung au\u00dferhalb der Grenzen des Urheberrechtes bed\u00fcrfen der schriftlichen Zustimmung des jeweiligen Autors bzw. Erstellers.<\/p>\t\t\t\t\t\t\t\t<\/div>\n\t\t\t\t<\/div>\n\t\t\t\t\t<\/div>\n\t\t\t\t<\/div>\n\t\t\t\t<\/div>\n\t\t","protected":false},"excerpt":{"rendered":"<p>Impressum Coverband 1Vertreten durch: Creative State RecordsAdresse: Baerer Str. 37PLZ, Ort: 21073, HamburgTelefon: +49 1515 0304494E-Mail: info@creativestaterecords.com Social Media Unsere [&hellip;]<\/p>\n","protected":false},"author":1,"featured_media":0,"parent":0,"menu_order":0,"comment_status":"closed","ping_status":"closed","template":"","meta":{"site-sidebar-layout":"no-sidebar","site-content-layout":"","ast-site-content-layout":"full-width-container","site-content-style":"default","site-sidebar-style":"default","ast-global-header-display":"","ast-banner-title-visibility":"","ast-main-header-display":"","ast-hfb-above-header-display":"","ast-hfb-below-header-display":"","ast-hfb-mobile-header-display":"","site-post-title":"disabled","ast-breadcrumbs-content":"","ast-featured-img":"disabled","footer-sml-layout":"","theme-transparent-header-meta":"","adv-header-id-meta":"","stick-header-meta":"","header-above-stick-meta":"","header-main-stick-meta":"","header-below-stick-meta":"","astra-migrate-meta-layouts":"default","ast-page-background-enabled":"default","ast-page-background-meta":{"desktop":{"background-color":"var(--ast-global-color-4)","background-image":"","background-repeat":"repeat","background-position":"center center","background-size":"auto","background-attachment":"scroll","background-type":"","background-media":"","overlay-type":"","overlay-color":"","overlay-opacity":"","overlay-gradient":""},"tablet":{"background-color":"","background-image":"","background-repeat":"repeat","background-position":"center center","background-size":"auto","background-attachment":"scroll","background-type":"","background-media":"","overlay-type":"","overlay-color":"","overlay-opacity":"","overlay-gradient":""},"mobile":{"background-color":"","background-image":"","background-repeat":"repeat","background-position":"center center","background-size":"auto","background-attachment":"scroll","background-type":"","background-media":"","overlay-type":"","overlay-color":"","overlay-opacity":"","overlay-gradient":""}},"ast-content-background-meta":{"desktop":{"background-color":"var(--ast-global-color-5)","background-image":"","background-repeat":"repeat","background-position":"center center","background-size":"auto","background-attachment":"scroll","background-type":"","background-media":"","overlay-type":"","overlay-color":"","overlay-opacity":"","overlay-gradient":""},"tablet":{"background-color":"var(--ast-global-color-5)","background-image":"","background-repeat":"repeat","background-position":"center center","background-size":"auto","background-attachment":"scroll","background-type":"","background-media":"","overlay-type":"","overlay-color":"","overlay-opacity":"","overlay-gradient":""},"mobile":{"background-color":"var(--ast-global-color-5)","background-image":"","background-repeat":"repeat","background-position":"center center","background-size":"auto","background-attachment":"scroll","background-type":"","background-media":"","overlay-type":"","overlay-color":"","overlay-opacity":"","overlay-gradient":""}},"footnotes":""},"class_list":["post-186","page","type-page","status-publish","hentry"],"yoast_head":"<!-- This site is optimized with the Yoast SEO plugin v25.2 - https:\/\/yoast.com\/wordpress\/plugins\/seo\/ -->\n<title>Impressum - Coverband 1<\/title>\n<meta name=\"robots\" content=\"index, follow, max-snippet:-1, max-image-preview:large, max-video-preview:-1\" \/>\n<link rel=\"canonical\" href=\"https:\/\/coverband1.de\/?page_id=186\" \/>\n<meta property=\"og:locale\" content=\"de_DE\" \/>\n<meta property=\"og:type\" content=\"article\" \/>\n<meta property=\"og:title\" content=\"Impressum - Coverband 1\" \/>\n<meta property=\"og:description\" content=\"Impressum Coverband 1Vertreten durch: Creative State RecordsAdresse: Baerer Str. 37PLZ, Ort: 21073, HamburgTelefon: +49 1515 0304494E-Mail: info@creativestaterecords.com Social Media Unsere [&hellip;]\" \/>\n<meta property=\"og:url\" content=\"https:\/\/coverband1.de\/?page_id=186\" \/>\n<meta property=\"og:site_name\" content=\"Coverband 1\" \/>\n<meta property=\"article:modified_time\" content=\"2026-03-05T10:48:50+00:00\" \/>\n<meta name=\"twitter:card\" content=\"summary_large_image\" \/>\n<meta name=\"twitter:label1\" content=\"Gesch\u00e4tzte Lesezeit\" \/>\n\t<meta name=\"twitter:data1\" content=\"1\u00a0Minute\" \/>\n<script type=\"application\/ld+json\" class=\"yoast-schema-graph\">{\"@context\":\"https:\/\/schema.org\",\"@graph\":[{\"@type\":\"WebPage\",\"@id\":\"https:\/\/coverband1.de\/?page_id=186\",\"url\":\"https:\/\/coverband1.de\/?page_id=186\",\"name\":\"Impressum - Coverband 1\",\"isPartOf\":{\"@id\":\"https:\/\/coverband1.de\/#website\"},\"datePublished\":\"2025-06-03T17:13:47+00:00\",\"dateModified\":\"2026-03-05T10:48:50+00:00\",\"breadcrumb\":{\"@id\":\"https:\/\/coverband1.de\/?page_id=186#breadcrumb\"},\"inLanguage\":\"de\",\"potentialAction\":[{\"@type\":\"ReadAction\",\"target\":[\"https:\/\/coverband1.de\/?page_id=186\"]}]},{\"@type\":\"BreadcrumbList\",\"@id\":\"https:\/\/coverband1.de\/?page_id=186#breadcrumb\",\"itemListElement\":[{\"@type\":\"ListItem\",\"position\":1,\"name\":\"Home\",\"item\":\"https:\/\/coverband1.de\/\"},{\"@type\":\"ListItem\",\"position\":2,\"name\":\"Impressum\"}]},{\"@type\":\"WebSite\",\"@id\":\"https:\/\/coverband1.de\/#website\",\"url\":\"https:\/\/coverband1.de\/\",\"name\":\"Coverband 1\",\"description\":\"Coverband 1\",\"publisher\":{\"@id\":\"https:\/\/coverband1.de\/#organization\"},\"potentialAction\":[{\"@type\":\"SearchAction\",\"target\":{\"@type\":\"EntryPoint\",\"urlTemplate\":\"https:\/\/coverband1.de\/?s={search_term_string}\"},\"query-input\":{\"@type\":\"PropertyValueSpecification\",\"valueRequired\":true,\"valueName\":\"search_term_string\"}}],\"inLanguage\":\"de\"},{\"@type\":\"Organization\",\"@id\":\"https:\/\/coverband1.de\/#organization\",\"name\":\"Coverband 1\",\"url\":\"https:\/\/coverband1.de\/\",\"logo\":{\"@type\":\"ImageObject\",\"inLanguage\":\"de\",\"@id\":\"https:\/\/coverband1.de\/#\/schema\/logo\/image\/\",\"url\":\"https:\/\/coverband1.de\/wp-content\/uploads\/2024\/08\/logo-coverband1.svg\",\"contentUrl\":\"https:\/\/coverband1.de\/wp-content\/uploads\/2024\/08\/logo-coverband1.svg\",\"width\":336,\"height\":192,\"caption\":\"Coverband 1\"},\"image\":{\"@id\":\"https:\/\/coverband1.de\/#\/schema\/logo\/image\/\"},\"sameAs\":[\"https:\/\/instagram.com\/coverband.1\"]}]}<\/script>\n<!-- \/ Yoast SEO plugin. -->","yoast_head_json":{"title":"Impressum - Coverband 1","robots":{"index":"index","follow":"follow","max-snippet":"max-snippet:-1","max-image-preview":"max-image-preview:large","max-video-preview":"max-video-preview:-1"},"canonical":"https:\/\/coverband1.de\/?page_id=186","og_locale":"de_DE","og_type":"article","og_title":"Impressum - Coverband 1","og_description":"Impressum Coverband 1Vertreten durch: Creative State RecordsAdresse: Baerer Str. 37PLZ, Ort: 21073, HamburgTelefon: +49 1515 0304494E-Mail: info@creativestaterecords.com Social Media Unsere [&hellip;]","og_url":"https:\/\/coverband1.de\/?page_id=186","og_site_name":"Coverband 1","article_modified_time":"2026-03-05T10:48:50+00:00","twitter_card":"summary_large_image","twitter_misc":{"Gesch\u00e4tzte Lesezeit":"1\u00a0Minute"},"schema":{"@context":"https:\/\/schema.org","@graph":[{"@type":"WebPage","@id":"https:\/\/coverband1.de\/?page_id=186","url":"https:\/\/coverband1.de\/?page_id=186","name":"Impressum - Coverband 1","isPartOf":{"@id":"https:\/\/coverband1.de\/#website"},"datePublished":"2025-06-03T17:13:47+00:00","dateModified":"2026-03-05T10:48:50+00:00","breadcrumb":{"@id":"https:\/\/coverband1.de\/?page_id=186#breadcrumb"},"inLanguage":"de","potentialAction":[{"@type":"ReadAction","target":["https:\/\/coverband1.de\/?page_id=186"]}]},{"@type":"BreadcrumbList","@id":"https:\/\/coverband1.de\/?page_id=186#breadcrumb","itemListElement":[{"@type":"ListItem","position":1,"name":"Home","item":"https:\/\/coverband1.de\/"},{"@type":"ListItem","position":2,"name":"Impressum"}]},{"@type":"WebSite","@id":"https:\/\/coverband1.de\/#website","url":"https:\/\/coverband1.de\/","name":"Coverband 1","description":"Coverband 1","publisher":{"@id":"https:\/\/coverband1.de\/#organization"},"potentialAction":[{"@type":"SearchAction","target":{"@type":"EntryPoint","urlTemplate":"https:\/\/coverband1.de\/?s={search_term_string}"},"query-input":{"@type":"PropertyValueSpecification","valueRequired":true,"valueName":"search_term_string"}}],"inLanguage":"de"},{"@type":"Organization","@id":"https:\/\/coverband1.de\/#organization","name":"Coverband 1","url":"https:\/\/coverband1.de\/","logo":{"@type":"ImageObject","inLanguage":"de","@id":"https:\/\/coverband1.de\/#\/schema\/logo\/image\/","url":"https:\/\/coverband1.de\/wp-content\/uploads\/2024\/08\/logo-coverband1.svg","contentUrl":"https:\/\/coverband1.de\/wp-content\/uploads\/2024\/08\/logo-coverband1.svg","width":336,"height":192,"caption":"Coverband 1"},"image":{"@id":"https:\/\/coverband1.de\/#\/schema\/logo\/image\/"},"sameAs":["https:\/\/instagram.com\/coverband.1"]}]}},"_links":{"self":[{"href":"https:\/\/coverband1.de\/index.php?rest_route=\/wp\/v2\/pages\/186","targetHints":{"allow":["GET"]}}],"collection":[{"href":"https:\/\/coverband1.de\/index.php?rest_route=\/wp\/v2\/pages"}],"about":[{"href":"https:\/\/coverband1.de\/index.php?rest_route=\/wp\/v2\/types\/page"}],"author":[{"embeddable":true,"href":"https:\/\/coverband1.de\/index.php?rest_route=\/wp\/v2\/users\/1"}],"replies":[{"embeddable":true,"href":"https:\/\/coverband1.de\/index.php?rest_route=%2Fwp%2Fv2%2Fcomments&post=186"}],"version-history":[{"count":25,"href":"https:\/\/coverband1.de\/index.php?rest_route=\/wp\/v2\/pages\/186\/revisions"}],"predecessor-version":[{"id":471,"href":"https:\/\/coverband1.de\/index.php?rest_route=\/wp\/v2\/pages\/186\/revisions\/471"}],"wp:attachment":[{"href":"https:\/\/coverband1.de\/index.php?rest_route=%2Fwp%2Fv2%2Fmedia&parent=186"}],"curies":[{"name":"wp","href":"https:\/\/api.w.org\/{rel}","templated":true}]}}