{"id":199,"date":"2025-06-03T17:22:29","date_gmt":"2025-06-03T17:22:29","guid":{"rendered":"https:\/\/coverband1.de\/?page_id=199"},"modified":"2025-06-05T10:17:33","modified_gmt":"2025-06-05T10:17:33","slug":"datenschutzerklaerung","status":"publish","type":"page","link":"https:\/\/coverband1.de\/?page_id=199","title":{"rendered":"Datenschutzerkl\u00e4rung"},"content":{"rendered":"\t\t<div data-elementor-type=\"wp-page\" data-elementor-id=\"199\" class=\"elementor elementor-199\">\n\t\t\t\t<div class=\"elementor-element elementor-element-c33f5bc e-flex e-con-boxed e-con e-parent\" data-id=\"c33f5bc\" data-element_type=\"container\">\n\t\t\t\t\t<div class=\"e-con-inner\">\n\t\t\t\t<div class=\"elementor-element elementor-element-076840b elementor-widget elementor-widget-heading\" data-id=\"076840b\" data-element_type=\"widget\" data-widget_type=\"heading.default\">\n\t\t\t\t<div class=\"elementor-widget-container\">\n\t\t\t\t\t<h2 class=\"elementor-heading-title elementor-size-default\">Datenschutzerkl\u00e4rung<\/h2>\t\t\t\t<\/div>\n\t\t\t\t<\/div>\n\t\t\t\t\t<\/div>\n\t\t\t\t<\/div>\n\t\t<div class=\"elementor-element elementor-element-c88000b e-flex e-con-boxed e-con e-parent\" data-id=\"c88000b\" data-element_type=\"container\">\n\t\t\t\t\t<div class=\"e-con-inner\">\n\t\t\t\t<div class=\"elementor-element elementor-element-9d52a06 elementor-widget elementor-widget-text-editor\" data-id=\"9d52a06\" data-element_type=\"widget\" data-widget_type=\"text-editor.default\">\n\t\t\t\t<div class=\"elementor-widget-container\">\n\t\t\t\t\t\t\t\t\t<p class=\"font_8 wixui-rich-text__text\"><span class=\"wixui-rich-text__text\">Verantwortlicher f\u00fcr die Datenverarbeitung auf dieser Website ist:<\/span><br class=\"wixui-rich-text__text\">Coverband 1<br class=\"wixui-rich-text__text\">Vertreten durch: Creative State Records<br class=\"wixui-rich-text__text\">Adresse: Baerer Str. 37<br class=\"wixui-rich-text__text\">PLZ, Ort: 20173 Hamburg<br class=\"wixui-rich-text__text\">Telefon: +49 1515 0304494<br class=\"wixui-rich-text__text\">E-Mail: info@creativestaterecords.com<\/p>\n<p class=\"font_8 wixui-rich-text__text\">\n<\/p><p class=\"font_7 wixui-rich-text__text\"><span class=\"wixui-rich-text__text\">Erhebung und Speicherung personenbezogener Daten sowie Art und Zweck von deren Verwendung<\/span><\/p>\n<p class=\"font_8 wixui-rich-text__text\">Beim Besuch dieser Website werden durch den auf Ihrem Endger\u00e4t zum Einsatz kommenden Browser automatisch Informationen an den Server unserer Website gesendet. Diese Informationen werden tempor\u00e4r in einem sogenannten Logfile gespeichert. Folgende Informationen werden dabei ohne Ihr Zutun erfasst und bis zur automatisierten L\u00f6schung gespeichert:<\/p>\n<ul>\n<li class=\"wixui-rich-text__text\">\n<p class=\"font_8 wixui-rich-text__text\">IP-Adresse des anfragenden Rechners<\/p>\n<\/li>\n<li class=\"wixui-rich-text__text\">\n<p class=\"font_8 wixui-rich-text__text\">Datum und Uhrzeit des Zugriffs<\/p>\n<\/li>\n<li class=\"wixui-rich-text__text\">\n<p class=\"font_8 wixui-rich-text__text\">Name und URL der abgerufenen Datei<\/p>\n<\/li>\n<li class=\"wixui-rich-text__text\">\n<p class=\"font_8 wixui-rich-text__text\">Website, von der aus der Zugriff erfolgt (Referrer-URL)<\/p>\n<\/li>\n<li class=\"wixui-rich-text__text\">\n<p class=\"font_8 wixui-rich-text__text\">verwendeter Browser und ggf. das Betriebssystem Ihres Rechners sowie der Name Ihres Access-Providers<\/p>\n<\/li>\n<\/ul>\n<p class=\"font_8 wixui-rich-text__text\">Die genannten Daten werden durch uns zu folgenden Zwecken verarbeitet:<\/p>\n<ul>\n<li class=\"wixui-rich-text__text\">\n<p class=\"font_8 wixui-rich-text__text\">Gew\u00e4hrleistung eines reibungslosen Verbindungsaufbaus der Website<\/p>\n<\/li>\n<li class=\"wixui-rich-text__text\">\n<p class=\"font_8 wixui-rich-text__text\">Gew\u00e4hrleistung einer komfortablen Nutzung unserer Website<\/p>\n<\/li>\n<li class=\"wixui-rich-text__text\">\n<p class=\"font_8 wixui-rich-text__text\">Auswertung der Systemsicherheit und -stabilit\u00e4t<\/p>\n<\/li>\n<li class=\"wixui-rich-text__text\">\n<p class=\"font_8 wixui-rich-text__text\">zu weiteren administrativen Zwecken<\/p>\n<\/li>\n<\/ul>\n<p class=\"font_8 wixui-rich-text__text\">Rechtsgrundlage f\u00fcr die Datenverarbeitung ist Art. 6 Abs. 1 S. 1 lit. f DSGVO. Unser berechtigtes Interesse folgt aus oben aufgelisteten Zwecken zur Datenerhebung.<\/p>\n<p class=\"font_8 wixui-rich-text__text\">\n<\/p><p class=\"font_7 wixui-rich-text__text\"><span class=\"wixui-rich-text__text\">3. Weitergabe von Daten<\/span><\/p>\n<p class=\"font_8 wixui-rich-text__text\">Eine \u00dcbermittlung Ihrer pers\u00f6nlichen Daten an Dritte zu anderen als den im Folgenden aufgef\u00fchrten Zwecken findet nicht statt.<br class=\"wixui-rich-text__text\">Wir geben Ihre pers\u00f6nlichen Daten nur an Dritte weiter, wenn:<\/p>\n<ul>\n<li class=\"wixui-rich-text__text\">\n<p class=\"font_8 wixui-rich-text__text\">Sie Ihre ausdr\u00fcckliche Einwilligung dazu erteilt haben (Art. 6 Abs. 1 S. 1 lit. a DSGVO)<\/p>\n<\/li>\n<li class=\"wixui-rich-text__text\">\n<p class=\"font_8 wixui-rich-text__text\">die Weitergabe nach Art. 6 Abs. 1 S. 1 lit. f DSGVO zur Geltendmachung, Aus\u00fcbung oder Verteidigung von Rechtsanspr\u00fcchen erforderlich ist und kein Grund zur Annahme besteht, dass Sie ein \u00fcberwiegendes schutzw\u00fcrdiges Interesse an der Nichtweitergabe Ihrer Daten haben<\/p>\n<\/li>\n<li class=\"wixui-rich-text__text\">\n<p class=\"font_8 wixui-rich-text__text\">f\u00fcr den Fall, dass f\u00fcr die Weitergabe nach Art. 6 Abs. 1 S. 1 lit. c DSGVO eine gesetzliche Verpflichtung besteht<\/p>\n<\/li>\n<li class=\"wixui-rich-text__text\">\n<p class=\"font_8 wixui-rich-text__text\">dies gesetzlich zul\u00e4ssig und nach Art. 6 Abs. 1 S. 1 lit. b DSGVO f\u00fcr die Abwicklung von Vertragsverh\u00e4ltnissen mit Ihnen erforderlich ist<\/p>\n<\/li>\n<\/ul>\n<p class=\"font_8 wixui-rich-text__text\">\n<\/p><p class=\"font_7 wixui-rich-text__text\"><span class=\"wixui-rich-text__text\">Social Media<\/span><\/p>\n<p class=\"font_8 wixui-rich-text__text\">Wir unterhalten Onlinepr\u00e4senzen innerhalb sozialer Netzwerke und Plattformen (z.B. Instagram, YouTube), um mit den dort aktiven Nutzern zu kommunizieren und sie dort \u00fcber unsere Band zu informieren. Beim Aufruf der jeweiligen Netzwerke und Plattformen gelten die Gesch\u00e4ftsbedingungen und die Datenverarbeitungsrichtlinien deren jeweiligen Betreiber.<\/p>\n<p class=\"font_8 wixui-rich-text__text\">Soweit nicht anders im Rahmen unserer Datenschutzerkl\u00e4rung angegeben, verarbeiten wir die Daten der Nutzer sofern diese mit uns innerhalb der sozialen Netzwerke und Plattformen kommunizieren, z.B. Beitr\u00e4ge auf unseren Onlinepr\u00e4senzen verfassen oder uns Nachrichten zusenden.<\/p>\n<p class=\"font_8 wixui-rich-text__text\">\n<\/p><p class=\"font_7 wixui-rich-text__text\"><span class=\"wixui-rich-text__text\">Betroffenenrechte<\/span><\/p>\n<p class=\"font_8 wixui-rich-text__text\">Sie haben das Recht:<\/p>\n<ul>\n<li class=\"wixui-rich-text__text\">\n<p class=\"font_8 wixui-rich-text__text\">gem\u00e4\u00df Art. 15 DSGVO Auskunft \u00fcber Ihre von uns verarbeiteten personenbezogenen Daten zu verlangen<\/p>\n<\/li>\n<li class=\"wixui-rich-text__text\">\n<p class=\"font_8 wixui-rich-text__text\">gem\u00e4\u00df Art. 16 DSGVO unverz\u00fcglich die Berichtigung unrichtiger oder Vervollst\u00e4ndigung Ihrer bei uns gespeicherten personenbezogenen Daten zu verlangen<\/p>\n<\/li>\n<li class=\"wixui-rich-text__text\">\n<p class=\"font_8 wixui-rich-text__text\">gem\u00e4\u00df Art. 17 DSGVO die L\u00f6schung Ihrer bei uns gespeicherten personenbezogenen Daten zu verlangen<\/p>\n<\/li>\n<li class=\"wixui-rich-text__text\">\n<p class=\"font_8 wixui-rich-text__text\">gem\u00e4\u00df Art. 18 DSGVO die Einschr\u00e4nkung der Verarbeitung Ihrer personenbezogenen Daten zu verlangen<\/p>\n<\/li>\n<li class=\"wixui-rich-text__text\">\n<p class=\"font_8 wixui-rich-text__text\">gem\u00e4\u00df Art. 20 DSGVO Ihre personenbezogenen Daten, die Sie uns bereitgestellt haben, in einem strukturierten, g\u00e4ngigen und maschinenlesebaren Format zu erhalten oder die \u00dcbermittlung an einen anderen Verantwortlichen zu verlangen<\/p>\n<\/li>\n<li class=\"wixui-rich-text__text\">\n<p class=\"font_8 wixui-rich-text__text\">gem\u00e4\u00df Art. 7 Abs. 3 DSGVO Ihre einmal erteilte Einwilligung jederzeit gegen\u00fcber uns zu widerrufen<\/p>\n<\/li>\n<li class=\"wixui-rich-text__text\">\n<p class=\"font_8 wixui-rich-text__text\">gem\u00e4\u00df Art. 77 DSGVO sich bei einer Aufsichtsbeh\u00f6rde zu beschweren<\/p>\n<\/li>\n<\/ul>\n<p class=\"font_8 wixui-rich-text__text\">\n<\/p><p class=\"font_7 wixui-rich-text__text\"><span class=\"wixui-rich-text__text\">Widerspruchsrecht<\/span><\/p>\n<p class=\"font_8 wixui-rich-text__text\">Sofern Ihre personenbezogenen Daten auf Grundlage von berechtigten Interessen gem\u00e4\u00df Art. 6 Abs. 1 S. 1 lit. f DSGVO verarbeitet werden, haben Sie das Recht, gem\u00e4\u00df Art. 21 DSGVO Widerspruch gegen die Verarbeitung Ihrer personenbezogenen Daten einzulegen.<\/p>\n<p class=\"font_8 wixui-rich-text__text\">\n<\/p><p class=\"font_7 wixui-rich-text__text\"><span class=\"wixui-rich-text__text\">Datensicherheit<\/span><\/p>\n<p class=\"font_8 wixui-rich-text__text\">Wir verwenden innerhalb des Website-Besuchs das verbreitete SSL-Verfahren (Secure Socket Layer) in Verbindung mit der jeweils h\u00f6chsten Verschl\u00fcsselungsstufe, die von Ihrem Browser unterst\u00fctzt wird.<\/p>\n<p class=\"font_8 wixui-rich-text__text\">\n<\/p><p class=\"font_7 wixui-rich-text__text\"><span class=\"wixui-rich-text__text\">Aktualit\u00e4t und \u00c4nderung dieser Datenschutzerkl\u00e4rung<\/span><\/p>\n<p class=\"font_8 wixui-rich-text__text\">Diese Datenschutzerkl\u00e4rung ist aktuell g\u00fcltig und hat den Stand April 2025. Durch die Weiterentwicklung unserer Website und Angebote dar\u00fcber oder aufgrund ge\u00e4nderter gesetzlicher beziehungsweise beh\u00f6rdlicher Vorgaben kann es notwendig werden, diese Datenschutzerkl\u00e4rung zu \u00e4ndern.<\/p>\t\t\t\t\t\t\t\t<\/div>\n\t\t\t\t<\/div>\n\t\t\t\t\t<\/div>\n\t\t\t\t<\/div>\n\t\t\t\t<\/div>\n\t\t","protected":false},"excerpt":{"rendered":"<p>Datenschutzerkl\u00e4rung Verantwortlicher f\u00fcr die Datenverarbeitung auf dieser Website ist:Coverband 1Vertreten durch: Creative State RecordsAdresse: Baerer Str. 37PLZ, Ort: 20173 HamburgTelefon: [&hellip;]<\/p>\n","protected":false},"author":1,"featured_media":0,"parent":0,"menu_order":0,"comment_status":"closed","ping_status":"closed","template":"","meta":{"site-sidebar-layout":"no-sidebar","site-content-layout":"","ast-site-content-layout":"full-width-container","site-content-style":"default","site-sidebar-style":"default","ast-global-header-display":"","ast-banner-title-visibility":"","ast-main-header-display":"","ast-hfb-above-header-display":"","ast-hfb-below-header-display":"","ast-hfb-mobile-header-display":"","site-post-title":"disabled","ast-breadcrumbs-content":"","ast-featured-img":"disabled","footer-sml-layout":"","theme-transparent-header-meta":"","adv-header-id-meta":"","stick-header-meta":"","header-above-stick-meta":"","header-main-stick-meta":"","header-below-stick-meta":"","astra-migrate-meta-layouts":"default","ast-page-background-enabled":"default","ast-page-background-meta":{"desktop":{"background-color":"var(--ast-global-color-4)","background-image":"","background-repeat":"repeat","background-position":"center center","background-size":"auto","background-attachment":"scroll","background-type":"","background-media":"","overlay-type":"","overlay-color":"","overlay-opacity":"","overlay-gradient":""},"tablet":{"background-color":"","background-image":"","background-repeat":"repeat","background-position":"center center","background-size":"auto","background-attachment":"scroll","background-type":"","background-media":"","overlay-type":"","overlay-color":"","overlay-opacity":"","overlay-gradient":""},"mobile":{"background-color":"","background-image":"","background-repeat":"repeat","background-position":"center center","background-size":"auto","background-attachment":"scroll","background-type":"","background-media":"","overlay-type":"","overlay-color":"","overlay-opacity":"","overlay-gradient":""}},"ast-content-background-meta":{"desktop":{"background-color":"var(--ast-global-color-5)","background-image":"","background-repeat":"repeat","background-position":"center center","background-size":"auto","background-attachment":"scroll","background-type":"","background-media":"","overlay-type":"","overlay-color":"","overlay-opacity":"","overlay-gradient":""},"tablet":{"background-color":"var(--ast-global-color-5)","background-image":"","background-repeat":"repeat","background-position":"center center","background-size":"auto","background-attachment":"scroll","background-type":"","background-media":"","overlay-type":"","overlay-color":"","overlay-opacity":"","overlay-gradient":""},"mobile":{"background-color":"var(--ast-global-color-5)","background-image":"","background-repeat":"repeat","background-position":"center center","background-size":"auto","background-attachment":"scroll","background-type":"","background-media":"","overlay-type":"","overlay-color":"","overlay-opacity":"","overlay-gradient":""}},"footnotes":""},"class_list":["post-199","page","type-page","status-publish","hentry"],"yoast_head":"<!-- This site is optimized with the Yoast SEO plugin v25.2 - https:\/\/yoast.com\/wordpress\/plugins\/seo\/ -->\n<title>Datenschutzerkl\u00e4rung - Coverband 1<\/title>\n<meta name=\"robots\" content=\"index, follow, max-snippet:-1, max-image-preview:large, max-video-preview:-1\" \/>\n<link rel=\"canonical\" href=\"https:\/\/coverband1.de\/?page_id=199\" \/>\n<meta property=\"og:locale\" content=\"de_DE\" \/>\n<meta property=\"og:type\" content=\"article\" \/>\n<meta property=\"og:title\" content=\"Datenschutzerkl\u00e4rung - Coverband 1\" \/>\n<meta property=\"og:description\" content=\"Datenschutzerkl\u00e4rung Verantwortlicher f\u00fcr die Datenverarbeitung auf dieser Website ist:Coverband 1Vertreten durch: Creative State RecordsAdresse: Baerer Str. 37PLZ, Ort: 20173 HamburgTelefon: [&hellip;]\" \/>\n<meta property=\"og:url\" content=\"https:\/\/coverband1.de\/?page_id=199\" \/>\n<meta property=\"og:site_name\" content=\"Coverband 1\" \/>\n<meta property=\"article:modified_time\" content=\"2025-06-05T10:17:33+00:00\" \/>\n<meta name=\"twitter:card\" content=\"summary_large_image\" \/>\n<meta name=\"twitter:label1\" content=\"Gesch\u00e4tzte Lesezeit\" \/>\n\t<meta name=\"twitter:data1\" content=\"3\u00a0Minuten\" \/>\n<script type=\"application\/ld+json\" class=\"yoast-schema-graph\">{\"@context\":\"https:\/\/schema.org\",\"@graph\":[{\"@type\":\"WebPage\",\"@id\":\"https:\/\/coverband1.de\/?page_id=199\",\"url\":\"https:\/\/coverband1.de\/?page_id=199\",\"name\":\"Datenschutzerkl\u00e4rung - Coverband 1\",\"isPartOf\":{\"@id\":\"https:\/\/coverband1.de\/#website\"},\"datePublished\":\"2025-06-03T17:22:29+00:00\",\"dateModified\":\"2025-06-05T10:17:33+00:00\",\"breadcrumb\":{\"@id\":\"https:\/\/coverband1.de\/?page_id=199#breadcrumb\"},\"inLanguage\":\"de\",\"potentialAction\":[{\"@type\":\"ReadAction\",\"target\":[\"https:\/\/coverband1.de\/?page_id=199\"]}]},{\"@type\":\"BreadcrumbList\",\"@id\":\"https:\/\/coverband1.de\/?page_id=199#breadcrumb\",\"itemListElement\":[{\"@type\":\"ListItem\",\"position\":1,\"name\":\"Home\",\"item\":\"https:\/\/coverband1.de\/\"},{\"@type\":\"ListItem\",\"position\":2,\"name\":\"Datenschutzerkl\u00e4rung\"}]},{\"@type\":\"WebSite\",\"@id\":\"https:\/\/coverband1.de\/#website\",\"url\":\"https:\/\/coverband1.de\/\",\"name\":\"Coverband 1\",\"description\":\"Coverband 1\",\"publisher\":{\"@id\":\"https:\/\/coverband1.de\/#organization\"},\"potentialAction\":[{\"@type\":\"SearchAction\",\"target\":{\"@type\":\"EntryPoint\",\"urlTemplate\":\"https:\/\/coverband1.de\/?s={search_term_string}\"},\"query-input\":{\"@type\":\"PropertyValueSpecification\",\"valueRequired\":true,\"valueName\":\"search_term_string\"}}],\"inLanguage\":\"de\"},{\"@type\":\"Organization\",\"@id\":\"https:\/\/coverband1.de\/#organization\",\"name\":\"Coverband 1\",\"url\":\"https:\/\/coverband1.de\/\",\"logo\":{\"@type\":\"ImageObject\",\"inLanguage\":\"de\",\"@id\":\"https:\/\/coverband1.de\/#\/schema\/logo\/image\/\",\"url\":\"https:\/\/coverband1.de\/wp-content\/uploads\/2024\/08\/logo-coverband1.svg\",\"contentUrl\":\"https:\/\/coverband1.de\/wp-content\/uploads\/2024\/08\/logo-coverband1.svg\",\"width\":336,\"height\":192,\"caption\":\"Coverband 1\"},\"image\":{\"@id\":\"https:\/\/coverband1.de\/#\/schema\/logo\/image\/\"},\"sameAs\":[\"https:\/\/instagram.com\/coverband.1\"]}]}<\/script>\n<!-- \/ Yoast SEO plugin. -->","yoast_head_json":{"title":"Datenschutzerkl\u00e4rung - Coverband 1","robots":{"index":"index","follow":"follow","max-snippet":"max-snippet:-1","max-image-preview":"max-image-preview:large","max-video-preview":"max-video-preview:-1"},"canonical":"https:\/\/coverband1.de\/?page_id=199","og_locale":"de_DE","og_type":"article","og_title":"Datenschutzerkl\u00e4rung - Coverband 1","og_description":"Datenschutzerkl\u00e4rung Verantwortlicher f\u00fcr die Datenverarbeitung auf dieser Website ist:Coverband 1Vertreten durch: Creative State RecordsAdresse: Baerer Str. 37PLZ, Ort: 20173 HamburgTelefon: [&hellip;]","og_url":"https:\/\/coverband1.de\/?page_id=199","og_site_name":"Coverband 1","article_modified_time":"2025-06-05T10:17:33+00:00","twitter_card":"summary_large_image","twitter_misc":{"Gesch\u00e4tzte Lesezeit":"3\u00a0Minuten"},"schema":{"@context":"https:\/\/schema.org","@graph":[{"@type":"WebPage","@id":"https:\/\/coverband1.de\/?page_id=199","url":"https:\/\/coverband1.de\/?page_id=199","name":"Datenschutzerkl\u00e4rung - Coverband 1","isPartOf":{"@id":"https:\/\/coverband1.de\/#website"},"datePublished":"2025-06-03T17:22:29+00:00","dateModified":"2025-06-05T10:17:33+00:00","breadcrumb":{"@id":"https:\/\/coverband1.de\/?page_id=199#breadcrumb"},"inLanguage":"de","potentialAction":[{"@type":"ReadAction","target":["https:\/\/coverband1.de\/?page_id=199"]}]},{"@type":"BreadcrumbList","@id":"https:\/\/coverband1.de\/?page_id=199#breadcrumb","itemListElement":[{"@type":"ListItem","position":1,"name":"Home","item":"https:\/\/coverband1.de\/"},{"@type":"ListItem","position":2,"name":"Datenschutzerkl\u00e4rung"}]},{"@type":"WebSite","@id":"https:\/\/coverband1.de\/#website","url":"https:\/\/coverband1.de\/","name":"Coverband 1","description":"Coverband 1","publisher":{"@id":"https:\/\/coverband1.de\/#organization"},"potentialAction":[{"@type":"SearchAction","target":{"@type":"EntryPoint","urlTemplate":"https:\/\/coverband1.de\/?s={search_term_string}"},"query-input":{"@type":"PropertyValueSpecification","valueRequired":true,"valueName":"search_term_string"}}],"inLanguage":"de"},{"@type":"Organization","@id":"https:\/\/coverband1.de\/#organization","name":"Coverband 1","url":"https:\/\/coverband1.de\/","logo":{"@type":"ImageObject","inLanguage":"de","@id":"https:\/\/coverband1.de\/#\/schema\/logo\/image\/","url":"https:\/\/coverband1.de\/wp-content\/uploads\/2024\/08\/logo-coverband1.svg","contentUrl":"https:\/\/coverband1.de\/wp-content\/uploads\/2024\/08\/logo-coverband1.svg","width":336,"height":192,"caption":"Coverband 1"},"image":{"@id":"https:\/\/coverband1.de\/#\/schema\/logo\/image\/"},"sameAs":["https:\/\/instagram.com\/coverband.1"]}]}},"_links":{"self":[{"href":"https:\/\/coverband1.de\/index.php?rest_route=\/wp\/v2\/pages\/199","targetHints":{"allow":["GET"]}}],"collection":[{"href":"https:\/\/coverband1.de\/index.php?rest_route=\/wp\/v2\/pages"}],"about":[{"href":"https:\/\/coverband1.de\/index.php?rest_route=\/wp\/v2\/types\/page"}],"author":[{"embeddable":true,"href":"https:\/\/coverband1.de\/index.php?rest_route=\/wp\/v2\/users\/1"}],"replies":[{"embeddable":true,"href":"https:\/\/coverband1.de\/index.php?rest_route=%2Fwp%2Fv2%2Fcomments&post=199"}],"version-history":[{"count":13,"href":"https:\/\/coverband1.de\/index.php?rest_route=\/wp\/v2\/pages\/199\/revisions"}],"predecessor-version":[{"id":361,"href":"https:\/\/coverband1.de\/index.php?rest_route=\/wp\/v2\/pages\/199\/revisions\/361"}],"wp:attachment":[{"href":"https:\/\/coverband1.de\/index.php?rest_route=%2Fwp%2Fv2%2Fmedia&parent=199"}],"curies":[{"name":"wp","href":"https:\/\/api.w.org\/{rel}","templated":true}]}}