{"id":267,"date":"2025-06-05T09:49:18","date_gmt":"2025-06-05T09:49:18","guid":{"rendered":"https:\/\/coverband1.de\/?page_id=267"},"modified":"2026-04-22T21:13:11","modified_gmt":"2026-04-22T21:13:11","slug":"angebot","status":"publish","type":"page","link":"https:\/\/coverband1.de\/?page_id=267","title":{"rendered":"Angebot"},"content":{"rendered":"\t\t<div data-elementor-type=\"wp-page\" data-elementor-id=\"267\" class=\"elementor elementor-267\">\n\t\t\t\t<div class=\"elementor-element elementor-element-3fa4d00 e-flex e-con-boxed e-con e-parent\" data-id=\"3fa4d00\" data-element_type=\"container\">\n\t\t\t\t\t<div class=\"e-con-inner\">\n\t\t\t\t<div class=\"elementor-element elementor-element-cf1bc65 elementor-widget elementor-widget-heading\" data-id=\"cf1bc65\" data-element_type=\"widget\" data-widget_type=\"heading.default\">\n\t\t\t\t<div class=\"elementor-widget-container\">\n\t\t\t\t\t<h2 class=\"elementor-heading-title elementor-size-default\">unser Angebot<\/h2>\t\t\t\t<\/div>\n\t\t\t\t<\/div>\n\t\t\t\t\t<\/div>\n\t\t\t\t<\/div>\n\t\t<div class=\"elementor-element elementor-element-c36f33c e-flex e-con-boxed e-con e-parent\" data-id=\"c36f33c\" data-element_type=\"container\">\n\t\t\t\t\t<div class=\"e-con-inner\">\n\t\t\t\t<div class=\"elementor-element elementor-element-c67d1a4 elementor-widget elementor-widget-text-editor\" data-id=\"c67d1a4\" data-element_type=\"widget\" data-widget_type=\"text-editor.default\">\n\t\t\t\t<div class=\"elementor-widget-container\">\n\t\t\t\t\t\t\t\t\t<p>Durch unseren gro\u00dfen Pool an Musiker*innen in ganz Deutschland k\u00f6nnen wir verschiedenste Besetzungen anbieten, unter Anderem mit folgenden Instrumenten:<\/p><ul><li>Gesang (m\u00e4nnlich\/weiblich)<\/li><li>Gitarre<\/li><li>Keyboard<\/li><li>Bass<\/li><li>Schlagzeug<\/li><li>Percussion<\/li><li>Saxophon<\/li><li>Trompete<\/li><li>Posaune<\/li><li>Cello<\/li><\/ul>\t\t\t\t\t\t\t\t<\/div>\n\t\t\t\t<\/div>\n\t\t\t\t<div class=\"elementor-element elementor-element-f402916 elementor-widget elementor-widget-heading\" data-id=\"f402916\" data-element_type=\"widget\" data-widget_type=\"heading.default\">\n\t\t\t\t<div class=\"elementor-widget-container\">\n\t\t\t\t\t<h2 class=\"elementor-heading-title elementor-size-default\">m\u00f6gliche Besetzungen<\/h2>\t\t\t\t<\/div>\n\t\t\t\t<\/div>\n\t\t\t\t<div class=\"elementor-element elementor-element-f9fdbe4 elementor-widget elementor-widget-text-editor\" data-id=\"f9fdbe4\" data-element_type=\"widget\" data-widget_type=\"text-editor.default\">\n\t\t\t\t<div class=\"elementor-widget-container\">\n\t\t\t\t\t\t\t\t\t<p>Hier ein kleiner \u00dcberblick \u00fcber h\u00e4ufig gebuchte Besetzungen. Fragen Sie uns unverbindlich an, um die passende Gr\u00f6\u00dfe f\u00fcr Ihre Veranstaltung zu finden!<\/p>\t\t\t\t\t\t\t\t<\/div>\n\t\t\t\t<\/div>\n\t\t\t\t\t<\/div>\n\t\t\t\t<\/div>\n\t\t\t\t<section class=\"elementor-section elementor-top-section elementor-element elementor-element-4d8bc97 elementor-section-content-middle elementor-section-boxed elementor-section-height-default elementor-section-height-default\" data-id=\"4d8bc97\" data-element_type=\"section\" data-settings=\"{&quot;background_background&quot;:&quot;classic&quot;}\">\n\t\t\t\t\t\t\t<div class=\"elementor-background-overlay\"><\/div>\n\t\t\t\t\t\t\t<div class=\"elementor-container elementor-column-gap-no\">\n\t\t\t\t\t<div class=\"elementor-column elementor-col-33 elementor-top-column elementor-element elementor-element-da30a31\" data-id=\"da30a31\" data-element_type=\"column\" data-settings=\"{&quot;background_background&quot;:&quot;classic&quot;}\">\n\t\t\t<div class=\"elementor-widget-wrap elementor-element-populated\">\n\t\t\t\t\t\t<div class=\"elementor-element elementor-element-e7cac3e elementor-widget elementor-widget-video\" data-id=\"e7cac3e\" data-element_type=\"widget\" data-settings=\"{&quot;youtube_url&quot;:&quot;https:\\\/\\\/www.youtube.com\\\/watch?v=2gj4Lz4EGfY&quot;,&quot;video_type&quot;:&quot;youtube&quot;}\" data-widget_type=\"video.default\">\n\t\t\t\t<div class=\"elementor-widget-container\">\n\t\t\t\t\t\t\t<div class=\"elementor-wrapper elementor-open-inline\">\n\t\t\t<div class=\"elementor-video\"><\/div>\t\t<\/div>\n\t\t\t\t\t\t<\/div>\n\t\t\t\t<\/div>\n\t\t\t\t<div class=\"elementor-element elementor-element-5717ca3 elementor-widget elementor-widget-heading\" data-id=\"5717ca3\" data-element_type=\"widget\" data-widget_type=\"heading.default\">\n\t\t\t\t<div class=\"elementor-widget-container\">\n\t\t\t\t\t<h3 class=\"elementor-heading-title elementor-size-default\">Duo<\/h3>\t\t\t\t<\/div>\n\t\t\t\t<\/div>\n\t\t\t\t<div class=\"elementor-element elementor-element-797fc8d elementor-widget elementor-widget-text-editor\" data-id=\"797fc8d\" data-element_type=\"widget\" data-widget_type=\"text-editor.default\">\n\t\t\t\t<div class=\"elementor-widget-container\">\n\t\t\t\t\t\t\t\t\t<p>Das Akustik-Duo bietet die perfekte Untermalung f\u00fcr intime Veranstaltungen im kleinen Kreis, kann aber bei Bedarf auch die Tanzfl\u00e4che zum Beben bringen!<\/p>\t\t\t\t\t\t\t\t<\/div>\n\t\t\t\t<\/div>\n\t\t\t\t\t<\/div>\n\t\t<\/div>\n\t\t\t\t<div class=\"elementor-column elementor-col-33 elementor-top-column elementor-element elementor-element-4cfcde9\" data-id=\"4cfcde9\" data-element_type=\"column\" data-settings=\"{&quot;background_background&quot;:&quot;classic&quot;}\">\n\t\t\t<div class=\"elementor-widget-wrap elementor-element-populated\">\n\t\t\t\t\t\t<div class=\"elementor-element elementor-element-faa795b elementor-widget elementor-widget-video\" data-id=\"faa795b\" data-element_type=\"widget\" data-settings=\"{&quot;youtube_url&quot;:&quot;https:\\\/\\\/www.youtube.com\\\/watch?v=CD1upbdsL_Y&quot;,&quot;video_type&quot;:&quot;youtube&quot;}\" data-widget_type=\"video.default\">\n\t\t\t\t<div class=\"elementor-widget-container\">\n\t\t\t\t\t\t\t<div class=\"elementor-wrapper elementor-open-inline\">\n\t\t\t<div class=\"elementor-video\"><\/div>\t\t<\/div>\n\t\t\t\t\t\t<\/div>\n\t\t\t\t<\/div>\n\t\t\t\t<div class=\"elementor-element elementor-element-3572eff elementor-widget elementor-widget-heading\" data-id=\"3572eff\" data-element_type=\"widget\" data-widget_type=\"heading.default\">\n\t\t\t\t<div class=\"elementor-widget-container\">\n\t\t\t\t\t<h3 class=\"elementor-heading-title elementor-size-default\">Quartett<\/h3>\t\t\t\t<\/div>\n\t\t\t\t<\/div>\n\t\t\t\t<div class=\"elementor-element elementor-element-5e06970 elementor-widget elementor-widget-text-editor\" data-id=\"5e06970\" data-element_type=\"widget\" data-widget_type=\"text-editor.default\">\n\t\t\t\t<div class=\"elementor-widget-container\">\n\t\t\t\t\t\t\t\t\t<p>Das Quartett ist unsere am h\u00e4ufigsten gebuchte Besetzung und bietet stundenlange Unterhaltung mit einer kompletten Band, passend zu jedem Anlass!<\/p>\t\t\t\t\t\t\t\t<\/div>\n\t\t\t\t<\/div>\n\t\t\t\t\t<\/div>\n\t\t<\/div>\n\t\t\t\t<div class=\"elementor-column elementor-col-33 elementor-top-column elementor-element elementor-element-296e60f\" data-id=\"296e60f\" data-element_type=\"column\" data-settings=\"{&quot;background_background&quot;:&quot;classic&quot;}\">\n\t\t\t<div class=\"elementor-widget-wrap elementor-element-populated\">\n\t\t\t\t\t\t<div class=\"elementor-element elementor-element-53ac991 elementor-widget elementor-widget-video\" data-id=\"53ac991\" data-element_type=\"widget\" data-settings=\"{&quot;youtube_url&quot;:&quot;https:\\\/\\\/www.youtube.com\\\/watch?v=zG3MbnA0cEw&quot;,&quot;video_type&quot;:&quot;youtube&quot;}\" data-widget_type=\"video.default\">\n\t\t\t\t<div class=\"elementor-widget-container\">\n\t\t\t\t\t\t\t<div class=\"elementor-wrapper elementor-open-inline\">\n\t\t\t<div class=\"elementor-video\"><\/div>\t\t<\/div>\n\t\t\t\t\t\t<\/div>\n\t\t\t\t<\/div>\n\t\t\t\t<div class=\"elementor-element elementor-element-b54e5d8 elementor-widget elementor-widget-heading\" data-id=\"b54e5d8\" data-element_type=\"widget\" data-widget_type=\"heading.default\">\n\t\t\t\t<div class=\"elementor-widget-container\">\n\t\t\t\t\t<h3 class=\"elementor-heading-title elementor-size-default\">Quintett<\/h3>\t\t\t\t<\/div>\n\t\t\t\t<\/div>\n\t\t\t\t<div class=\"elementor-element elementor-element-c7cc897 elementor-widget elementor-widget-text-editor\" data-id=\"c7cc897\" data-element_type=\"widget\" data-widget_type=\"text-editor.default\">\n\t\t\t\t<div class=\"elementor-widget-container\">\n\t\t\t\t\t\t\t\t\t<p>Beim Quintett sorgt eine gro\u00dfe Band f\u00fcr eine bombastische Live-Show, die keine W\u00fcnsche offen l\u00e4sst und auch gro\u00dfe Hallen unterh\u00e4lt!<\/p>\t\t\t\t\t\t\t\t<\/div>\n\t\t\t\t<\/div>\n\t\t\t\t\t<\/div>\n\t\t<\/div>\n\t\t\t\t\t<\/div>\n\t\t<\/section>\n\t\t<div class=\"elementor-element elementor-element-86598c1 e-flex e-con-boxed e-con e-parent\" data-id=\"86598c1\" data-element_type=\"container\">\n\t\t\t\t\t<div class=\"e-con-inner\">\n\t\t\t\t<div class=\"elementor-element elementor-element-cc57014 elementor-widget elementor-widget-heading\" data-id=\"cc57014\" data-element_type=\"widget\" data-widget_type=\"heading.default\">\n\t\t\t\t<div class=\"elementor-widget-container\">\n\t\t\t\t\t<h2 class=\"elementor-heading-title elementor-size-default\">Licht- und Tontechnik<\/h2>\t\t\t\t<\/div>\n\t\t\t\t<\/div>\n\t\t\t\t\t<\/div>\n\t\t\t\t<\/div>\n\t\t<div class=\"elementor-element elementor-element-7cebee8 e-flex e-con-boxed e-con e-parent\" data-id=\"7cebee8\" data-element_type=\"container\">\n\t\t\t\t\t<div class=\"e-con-inner\">\n\t\t\t\t<div class=\"elementor-element elementor-element-4937266 elementor-widget elementor-widget-text-editor\" data-id=\"4937266\" data-element_type=\"widget\" data-widget_type=\"text-editor.default\">\n\t\t\t\t<div class=\"elementor-widget-container\">\n\t\t\t\t\t\t\t\t\t<p>Durch einen Bestand an Licht- und Tontechnik sowie Kontakte zu regionalen und \u00fcberregionalen Veranstaltungstechnik-Firmen finden wir die passende Beleuchtung und Beschallung f\u00fcr jedes Event und nehmen Ihnen den Aufwand der Planung ab.<\/p>\t\t\t\t\t\t\t\t<\/div>\n\t\t\t\t<\/div>\n\t\t\t\t\t<\/div>\n\t\t\t\t<\/div>\n\t\t\t\t<\/div>\n\t\t","protected":false},"excerpt":{"rendered":"<p>unser Angebot Durch unseren gro\u00dfen Pool an Musiker*innen in ganz Deutschland k\u00f6nnen wir verschiedenste Besetzungen anbieten, unter Anderem mit folgenden [&hellip;]<\/p>\n","protected":false},"author":1,"featured_media":0,"parent":0,"menu_order":0,"comment_status":"closed","ping_status":"closed","template":"","meta":{"site-sidebar-layout":"no-sidebar","site-content-layout":"","ast-site-content-layout":"full-width-container","site-content-style":"default","site-sidebar-style":"default","ast-global-header-display":"","ast-banner-title-visibility":"","ast-main-header-display":"","ast-hfb-above-header-display":"","ast-hfb-below-header-display":"","ast-hfb-mobile-header-display":"","site-post-title":"disabled","ast-breadcrumbs-content":"","ast-featured-img":"disabled","footer-sml-layout":"","theme-transparent-header-meta":"","adv-header-id-meta":"","stick-header-meta":"","header-above-stick-meta":"","header-main-stick-meta":"","header-below-stick-meta":"","astra-migrate-meta-layouts":"default","ast-page-background-enabled":"default","ast-page-background-meta":{"desktop":{"background-color":"var(--ast-global-color-4)","background-image":"","background-repeat":"repeat","background-position":"center center","background-size":"auto","background-attachment":"scroll","background-type":"","background-media":"","overlay-type":"","overlay-color":"","overlay-opacity":"","overlay-gradient":""},"tablet":{"background-color":"","background-image":"","background-repeat":"repeat","background-position":"center center","background-size":"auto","background-attachment":"scroll","background-type":"","background-media":"","overlay-type":"","overlay-color":"","overlay-opacity":"","overlay-gradient":""},"mobile":{"background-color":"","background-image":"","background-repeat":"repeat","background-position":"center center","background-size":"auto","background-attachment":"scroll","background-type":"","background-media":"","overlay-type":"","overlay-color":"","overlay-opacity":"","overlay-gradient":""}},"ast-content-background-meta":{"desktop":{"background-color":"var(--ast-global-color-5)","background-image":"","background-repeat":"repeat","background-position":"center center","background-size":"auto","background-attachment":"scroll","background-type":"","background-media":"","overlay-type":"","overlay-color":"","overlay-opacity":"","overlay-gradient":""},"tablet":{"background-color":"var(--ast-global-color-5)","background-image":"","background-repeat":"repeat","background-position":"center center","background-size":"auto","background-attachment":"scroll","background-type":"","background-media":"","overlay-type":"","overlay-color":"","overlay-opacity":"","overlay-gradient":""},"mobile":{"background-color":"var(--ast-global-color-5)","background-image":"","background-repeat":"repeat","background-position":"center center","background-size":"auto","background-attachment":"scroll","background-type":"","background-media":"","overlay-type":"","overlay-color":"","overlay-opacity":"","overlay-gradient":""}},"footnotes":""},"class_list":["post-267","page","type-page","status-publish","hentry"],"yoast_head":"<!-- This site is optimized with the Yoast SEO plugin v25.2 - https:\/\/yoast.com\/wordpress\/plugins\/seo\/ -->\n<title>Angebot - Coverband 1<\/title>\n<meta name=\"robots\" content=\"index, follow, max-snippet:-1, max-image-preview:large, max-video-preview:-1\" \/>\n<link rel=\"canonical\" href=\"https:\/\/coverband1.de\/?page_id=267\" \/>\n<meta property=\"og:locale\" content=\"de_DE\" \/>\n<meta property=\"og:type\" content=\"article\" \/>\n<meta property=\"og:title\" content=\"Angebot - Coverband 1\" \/>\n<meta property=\"og:description\" content=\"unser Angebot Durch unseren gro\u00dfen Pool an Musiker*innen in ganz Deutschland k\u00f6nnen wir verschiedenste Besetzungen anbieten, unter Anderem mit folgenden [&hellip;]\" \/>\n<meta property=\"og:url\" content=\"https:\/\/coverband1.de\/?page_id=267\" \/>\n<meta property=\"og:site_name\" content=\"Coverband 1\" \/>\n<meta property=\"article:modified_time\" content=\"2026-04-22T21:13:11+00:00\" \/>\n<meta name=\"twitter:card\" content=\"summary_large_image\" \/>\n<meta name=\"twitter:label1\" content=\"Gesch\u00e4tzte Lesezeit\" \/>\n\t<meta name=\"twitter:data1\" content=\"1\u00a0Minute\" \/>\n<script type=\"application\/ld+json\" class=\"yoast-schema-graph\">{\"@context\":\"https:\/\/schema.org\",\"@graph\":[{\"@type\":\"WebPage\",\"@id\":\"https:\/\/coverband1.de\/?page_id=267\",\"url\":\"https:\/\/coverband1.de\/?page_id=267\",\"name\":\"Angebot - Coverband 1\",\"isPartOf\":{\"@id\":\"https:\/\/coverband1.de\/#website\"},\"datePublished\":\"2025-06-05T09:49:18+00:00\",\"dateModified\":\"2026-04-22T21:13:11+00:00\",\"breadcrumb\":{\"@id\":\"https:\/\/coverband1.de\/?page_id=267#breadcrumb\"},\"inLanguage\":\"de\",\"potentialAction\":[{\"@type\":\"ReadAction\",\"target\":[\"https:\/\/coverband1.de\/?page_id=267\"]}]},{\"@type\":\"BreadcrumbList\",\"@id\":\"https:\/\/coverband1.de\/?page_id=267#breadcrumb\",\"itemListElement\":[{\"@type\":\"ListItem\",\"position\":1,\"name\":\"Home\",\"item\":\"https:\/\/coverband1.de\/\"},{\"@type\":\"ListItem\",\"position\":2,\"name\":\"Angebot\"}]},{\"@type\":\"WebSite\",\"@id\":\"https:\/\/coverband1.de\/#website\",\"url\":\"https:\/\/coverband1.de\/\",\"name\":\"Coverband 1\",\"description\":\"Coverband 1\",\"publisher\":{\"@id\":\"https:\/\/coverband1.de\/#organization\"},\"potentialAction\":[{\"@type\":\"SearchAction\",\"target\":{\"@type\":\"EntryPoint\",\"urlTemplate\":\"https:\/\/coverband1.de\/?s={search_term_string}\"},\"query-input\":{\"@type\":\"PropertyValueSpecification\",\"valueRequired\":true,\"valueName\":\"search_term_string\"}}],\"inLanguage\":\"de\"},{\"@type\":\"Organization\",\"@id\":\"https:\/\/coverband1.de\/#organization\",\"name\":\"Coverband 1\",\"url\":\"https:\/\/coverband1.de\/\",\"logo\":{\"@type\":\"ImageObject\",\"inLanguage\":\"de\",\"@id\":\"https:\/\/coverband1.de\/#\/schema\/logo\/image\/\",\"url\":\"https:\/\/coverband1.de\/wp-content\/uploads\/2024\/08\/logo-coverband1.svg\",\"contentUrl\":\"https:\/\/coverband1.de\/wp-content\/uploads\/2024\/08\/logo-coverband1.svg\",\"width\":336,\"height\":192,\"caption\":\"Coverband 1\"},\"image\":{\"@id\":\"https:\/\/coverband1.de\/#\/schema\/logo\/image\/\"},\"sameAs\":[\"https:\/\/instagram.com\/coverband.1\"]}]}<\/script>\n<!-- \/ Yoast SEO plugin. -->","yoast_head_json":{"title":"Angebot - Coverband 1","robots":{"index":"index","follow":"follow","max-snippet":"max-snippet:-1","max-image-preview":"max-image-preview:large","max-video-preview":"max-video-preview:-1"},"canonical":"https:\/\/coverband1.de\/?page_id=267","og_locale":"de_DE","og_type":"article","og_title":"Angebot - Coverband 1","og_description":"unser Angebot Durch unseren gro\u00dfen Pool an Musiker*innen in ganz Deutschland k\u00f6nnen wir verschiedenste Besetzungen anbieten, unter Anderem mit folgenden [&hellip;]","og_url":"https:\/\/coverband1.de\/?page_id=267","og_site_name":"Coverband 1","article_modified_time":"2026-04-22T21:13:11+00:00","twitter_card":"summary_large_image","twitter_misc":{"Gesch\u00e4tzte Lesezeit":"1\u00a0Minute"},"schema":{"@context":"https:\/\/schema.org","@graph":[{"@type":"WebPage","@id":"https:\/\/coverband1.de\/?page_id=267","url":"https:\/\/coverband1.de\/?page_id=267","name":"Angebot - Coverband 1","isPartOf":{"@id":"https:\/\/coverband1.de\/#website"},"datePublished":"2025-06-05T09:49:18+00:00","dateModified":"2026-04-22T21:13:11+00:00","breadcrumb":{"@id":"https:\/\/coverband1.de\/?page_id=267#breadcrumb"},"inLanguage":"de","potentialAction":[{"@type":"ReadAction","target":["https:\/\/coverband1.de\/?page_id=267"]}]},{"@type":"BreadcrumbList","@id":"https:\/\/coverband1.de\/?page_id=267#breadcrumb","itemListElement":[{"@type":"ListItem","position":1,"name":"Home","item":"https:\/\/coverband1.de\/"},{"@type":"ListItem","position":2,"name":"Angebot"}]},{"@type":"WebSite","@id":"https:\/\/coverband1.de\/#website","url":"https:\/\/coverband1.de\/","name":"Coverband 1","description":"Coverband 1","publisher":{"@id":"https:\/\/coverband1.de\/#organization"},"potentialAction":[{"@type":"SearchAction","target":{"@type":"EntryPoint","urlTemplate":"https:\/\/coverband1.de\/?s={search_term_string}"},"query-input":{"@type":"PropertyValueSpecification","valueRequired":true,"valueName":"search_term_string"}}],"inLanguage":"de"},{"@type":"Organization","@id":"https:\/\/coverband1.de\/#organization","name":"Coverband 1","url":"https:\/\/coverband1.de\/","logo":{"@type":"ImageObject","inLanguage":"de","@id":"https:\/\/coverband1.de\/#\/schema\/logo\/image\/","url":"https:\/\/coverband1.de\/wp-content\/uploads\/2024\/08\/logo-coverband1.svg","contentUrl":"https:\/\/coverband1.de\/wp-content\/uploads\/2024\/08\/logo-coverband1.svg","width":336,"height":192,"caption":"Coverband 1"},"image":{"@id":"https:\/\/coverband1.de\/#\/schema\/logo\/image\/"},"sameAs":["https:\/\/instagram.com\/coverband.1"]}]}},"_links":{"self":[{"href":"https:\/\/coverband1.de\/index.php?rest_route=\/wp\/v2\/pages\/267","targetHints":{"allow":["GET"]}}],"collection":[{"href":"https:\/\/coverband1.de\/index.php?rest_route=\/wp\/v2\/pages"}],"about":[{"href":"https:\/\/coverband1.de\/index.php?rest_route=\/wp\/v2\/types\/page"}],"author":[{"embeddable":true,"href":"https:\/\/coverband1.de\/index.php?rest_route=\/wp\/v2\/users\/1"}],"replies":[{"embeddable":true,"href":"https:\/\/coverband1.de\/index.php?rest_route=%2Fwp%2Fv2%2Fcomments&post=267"}],"version-history":[{"count":40,"href":"https:\/\/coverband1.de\/index.php?rest_route=\/wp\/v2\/pages\/267\/revisions"}],"predecessor-version":[{"id":487,"href":"https:\/\/coverband1.de\/index.php?rest_route=\/wp\/v2\/pages\/267\/revisions\/487"}],"wp:attachment":[{"href":"https:\/\/coverband1.de\/index.php?rest_route=%2Fwp%2Fv2%2Fmedia&parent=267"}],"curies":[{"name":"wp","href":"https:\/\/api.w.org\/{rel}","templated":true}]}}